{"id":18,"date":"2015-08-20T15:59:01","date_gmt":"2015-08-20T15:59:01","guid":{"rendered":"http:\/\/www.hbz-kfz.de\/beta\/?page_id=18"},"modified":"2026-01-26T12:09:29","modified_gmt":"2026-01-26T12:09:29","slug":"der-fachbereich-kfz","status":"publish","type":"page","link":"https:\/\/www.hbz-kfz.de\/","title":{"rendered":"Der Fachbereich KFZ"},"content":{"rendered":"<p><strong>Willkommen im Fachbereich KFZ des Handwerksbildungszentrums Brackwede!<\/strong><\/p>\n<p><i><\/i>Wir sind das Bildungszentrum f\u00fcr die<\/p>\n<ul>\n<li>\u00fcberbetriebliche Unterweisung<\/li>\n<li>Meistervorbereitung Teil 1 und 2<\/li>\n<\/ul>\n<p>der KFZ-Innungen Bielefeld und G\u00fctersloh.<\/p>\n<p>Vom Bundesinnungsverband des KFZ-Handwerks (ZVH)\u00a0erm\u00e4chtigt als Schulungsst\u00e4tte f\u00fcr die Lehrg\u00e4nge zur:<\/p>\n<ul>\n<li>AU Abgasuntersuchung an PKW und LKW<\/li>\n<li>AUK Abgasuntersuchung an Kraftr\u00e4dern<\/li>\n<li>HV Hochvoltsystemen<\/li>\n<li>AIRBAG Sachkundeschulung Handhabung phyrotechnischen R\u00fcckhaltesystemen<\/li>\n<li>Klima Sachkundeschulung Handhabung K\u00e4ltemittel in Klimaanlagen<\/li>\n<li>SP Sicherheitspr\u00fcfung an Nutzkraftfahrzeugen<\/li>\n<\/ul>\n<p>Wir bitten alle Teilnehmer in den Tageslehrg\u00e4ngen bereits in pers\u00f6nlicher Schutzausr\u00fcstung zu erscheinen.<\/p>\n<p><strong>Unser Leitspruch:<br \/><\/strong><\/p>\n<p align=\"LEFT\">Eine umfangreiche Grundausbildung ist das Fundament jeder weiteren zielf\u00fchrenden Diagnose!<\/p>\n\n\n<figure class=\"wp-block-image size-large\"><a href=\"https:\/\/www.hbz-kfz.de\/wp-content\/uploads\/2025\/06\/UELU-LogoleisteBund-Land-EU-2025.jpg\"><img loading=\"lazy\" decoding=\"async\" width=\"1000\" height=\"222\" src=\"https:\/\/www.hbz-kfz.de\/wp-content\/uploads\/2025\/06\/UELU-LogoleisteBund-Land-EU-2025-1000x222.jpg\" alt=\"\" class=\"wp-image-1323\" srcset=\"https:\/\/www.hbz-kfz.de\/wp-content\/uploads\/2025\/06\/UELU-LogoleisteBund-Land-EU-2025-1000x222.jpg 1000w, https:\/\/www.hbz-kfz.de\/wp-content\/uploads\/2025\/06\/UELU-LogoleisteBund-Land-EU-2025-620x137.jpg 620w, https:\/\/www.hbz-kfz.de\/wp-content\/uploads\/2025\/06\/UELU-LogoleisteBund-Land-EU-2025-768x170.jpg 768w, https:\/\/www.hbz-kfz.de\/wp-content\/uploads\/2025\/06\/UELU-LogoleisteBund-Land-EU-2025-1536x340.jpg 1536w, https:\/\/www.hbz-kfz.de\/wp-content\/uploads\/2025\/06\/UELU-LogoleisteBund-Land-EU-2025-2048x454.jpg 2048w\" sizes=\"auto, (max-width: 767px) 89vw, (max-width: 1000px) 54vw, (max-width: 1071px) 543px, 580px\" \/><\/a><\/figure>\n\n\n\n<p><strong>\u00dcberbetriebliche Unterweisung von Auszubildenden im Handwerk<\/strong><\/p>\n\n\n\n<p>Wir f\u00fchren Lehrg\u00e4nge zur \u00dcberbetrieblichen Unterweisung von Auszubildenden im Handwerk durch. Die Lehrg\u00e4nge der \u00dcberbetrieblichen Unterweisung stellen sicher, dass alle Auszubildenden die relevanten Fertigkeiten ihres Ausbildungsberufes in der erforderlichen Tiefe ein\u00fcben k\u00f6nnen \u2013 und zwar unabh\u00e4ngig vom Auftragseingang und von den T\u00e4tigkeitsschwerpunkten ihres jeweiligen Lehrbetriebes. Handlungskompetenzen und Besch\u00e4ftigungsf\u00e4higkeit werden somit gest\u00e4rkt.<\/p>\n\n\n\n<p>Die \u00dcberbetriebliche Unterweisung von Auszubildenden Handwerk wird mit Mitteln des Landes Nordrhein-Westfalen, der Europ\u00e4ischen Union und des Bundes finanziell unterst\u00fctzt.<\/p>\n\n\n\n<p><\/p>\n","protected":false},"excerpt":{"rendered":"<p>Willkommen im Fachbereich KFZ des Handwerksbildungszentrums Brackwede! Wir sind das Bildungszentrum f\u00fcr die \u00fcberbetriebliche Unterweisung Meistervorbereitung Teil 1 und 2 der KFZ-Innungen Bielefeld und G\u00fctersloh. Vom Bundesinnungsverband des KFZ-Handwerks (ZVH)\u00a0erm\u00e4chtigt als Schulungsst\u00e4tte f\u00fcr die Lehrg\u00e4nge zur: AU Abgasuntersuchung an PKW und LKW AUK Abgasuntersuchung an Kraftr\u00e4dern HV Hochvoltsystemen AIRBAG Sachkundeschulung Handhabung phyrotechnischen R\u00fcckhaltesystemen Klima Sachkundeschulung &hellip; <\/p>\n<p class=\"link-more\"><a href=\"https:\/\/www.hbz-kfz.de\/\" class=\"more-link\"><span class=\"screen-reader-text\">\u201eDer Fachbereich KFZ\u201c <\/span>weiterlesen<\/a><\/p>\n","protected":false},"author":1,"featured_media":0,"parent":0,"menu_order":0,"comment_status":"closed","ping_status":"closed","template":"","meta":{"footnotes":""},"class_list":["post-18","page","type-page","status-publish","hentry"],"jetpack_sharing_enabled":true,"_links":{"self":[{"href":"https:\/\/www.hbz-kfz.de\/index.php?rest_route=\/wp\/v2\/pages\/18","targetHints":{"allow":["GET"]}}],"collection":[{"href":"https:\/\/www.hbz-kfz.de\/index.php?rest_route=\/wp\/v2\/pages"}],"about":[{"href":"https:\/\/www.hbz-kfz.de\/index.php?rest_route=\/wp\/v2\/types\/page"}],"author":[{"embeddable":true,"href":"https:\/\/www.hbz-kfz.de\/index.php?rest_route=\/wp\/v2\/users\/1"}],"replies":[{"embeddable":true,"href":"https:\/\/www.hbz-kfz.de\/index.php?rest_route=%2Fwp%2Fv2%2Fcomments&post=18"}],"version-history":[{"count":66,"href":"https:\/\/www.hbz-kfz.de\/index.php?rest_route=\/wp\/v2\/pages\/18\/revisions"}],"predecessor-version":[{"id":1345,"href":"https:\/\/www.hbz-kfz.de\/index.php?rest_route=\/wp\/v2\/pages\/18\/revisions\/1345"}],"wp:attachment":[{"href":"https:\/\/www.hbz-kfz.de\/index.php?rest_route=%2Fwp%2Fv2%2Fmedia&parent=18"}],"curies":[{"name":"wp","href":"https:\/\/api.w.org\/{rel}","templated":true}]}}