{"id":314,"date":"2016-02-24T13:23:43","date_gmt":"2016-02-24T13:23:43","guid":{"rendered":"http:\/\/www.hbz-kfz.de\/?page_id=314"},"modified":"2024-05-08T07:05:38","modified_gmt":"2024-05-08T07:05:38","slug":"klimaschulung","status":"publish","type":"page","link":"https:\/\/www.hbz-kfz.de\/?page_id=314","title":{"rendered":"Klimaschulung nach EG Verordnung 307\/2008"},"content":{"rendered":"<p><strong>Schulungsinhalte:<\/strong><\/p>\n<p>Umweltauswirkungen<br \/>\nEurop\u00e4ische und nationale &#8211; Gesetzliche Grundlagen<br \/>\nPhysikalische Grundlagen<br \/>\nAufbau und Funktion der Klimaanlage<br \/>\nReperatur und Wartungsarbeiten an Klimaanlagen<br \/>\nZuk\u00fcnftige Klimaanlagentechnologien<br \/>\nAufbau von Klimaanlagen-Serviceger\u00e4ten<br \/>\nR\u00fcckgewinnung von K\u00e4ltemitteln<\/p>\n\n\n<p>Bitte kontaktieren Sie dazu \u00a0per E-Mail Frau Hubrich <a href=\"mailto:hubrich@kh-gt-bi.de\">hubrich@kh-gt-bi.de<\/a><\/p>\n","protected":false},"excerpt":{"rendered":"<p>Schulungsinhalte: Umweltauswirkungen Europ\u00e4ische und nationale &#8211; Gesetzliche Grundlagen Physikalische Grundlagen Aufbau und Funktion der Klimaanlage Reperatur und Wartungsarbeiten an Klimaanlagen Zuk\u00fcnftige Klimaanlagentechnologien Aufbau von Klimaanlagen-Serviceger\u00e4ten R\u00fcckgewinnung von K\u00e4ltemitteln Bitte kontaktieren Sie dazu \u00a0per E-Mail Frau Hubrich hubrich@kh-gt-bi.de<\/p>\n","protected":false},"author":3,"featured_media":0,"parent":0,"menu_order":0,"comment_status":"closed","ping_status":"closed","template":"","meta":{"footnotes":""},"class_list":["post-314","page","type-page","status-publish","hentry"],"jetpack_sharing_enabled":true,"_links":{"self":[{"href":"https:\/\/www.hbz-kfz.de\/index.php?rest_route=\/wp\/v2\/pages\/314","targetHints":{"allow":["GET"]}}],"collection":[{"href":"https:\/\/www.hbz-kfz.de\/index.php?rest_route=\/wp\/v2\/pages"}],"about":[{"href":"https:\/\/www.hbz-kfz.de\/index.php?rest_route=\/wp\/v2\/types\/page"}],"author":[{"embeddable":true,"href":"https:\/\/www.hbz-kfz.de\/index.php?rest_route=\/wp\/v2\/users\/3"}],"replies":[{"embeddable":true,"href":"https:\/\/www.hbz-kfz.de\/index.php?rest_route=%2Fwp%2Fv2%2Fcomments&post=314"}],"version-history":[{"count":10,"href":"https:\/\/www.hbz-kfz.de\/index.php?rest_route=\/wp\/v2\/pages\/314\/revisions"}],"predecessor-version":[{"id":1220,"href":"https:\/\/www.hbz-kfz.de\/index.php?rest_route=\/wp\/v2\/pages\/314\/revisions\/1220"}],"wp:attachment":[{"href":"https:\/\/www.hbz-kfz.de\/index.php?rest_route=%2Fwp%2Fv2%2Fmedia&parent=314"}],"curies":[{"name":"wp","href":"https:\/\/api.w.org\/{rel}","templated":true}]}}