{"id":48,"date":"2015-08-20T16:21:52","date_gmt":"2015-08-20T16:21:52","guid":{"rendered":"http:\/\/www.hbz-kfz.de\/beta\/?page_id=48"},"modified":"2024-09-17T07:13:34","modified_gmt":"2024-09-17T07:13:34","slug":"uebl-lehrgaenge","status":"publish","type":"page","link":"https:\/\/www.hbz-kfz.de\/?page_id=48","title":{"rendered":"\u00dcBL-Lehrg\u00e4nge"},"content":{"rendered":"<p>Ab dem zweiten Ausbildungsjahr (berufliche Fachbildung) sind f\u00fcr KFZ-Mechatroniker<br \/>6 Wochen \u00dcBL-Lehrg\u00e4nge festgelegt:<\/p>\n<p>K1\/ 15: Diagnosetechnik 1 \u2013 Elektrische Fahrzeugsysteme (1 Woche)<\/p>\n<p>K2\/ 15: Diagnosetechnik 2 \u2013 Motormanagement (1 Woche)<\/p>\n<p>K3\/ 15: Diagnosetechnik 3 \u2013 Fahrwerk\/ Bremse (1 Woche)<\/p>\n<p>K4\/ 15: Diagnosetechnik 4 \u2013 Hochvolttechnik (1 Woche)<\/p>\n<p>K5\/ 15: Diagnosetechnik 5 \u2013 KFZ- Daten\u00fcbertragung (1 Woche)<\/p>\n<p>K6\/ 15: Diagnosetechnik 6 \u2013 Verkn\u00fcpfte Fahrzeugsysteme (1 Woche)<\/p>\n<p>Die Lehrg\u00e4nge zur \u00fcberbetrieblichen Ausbildung werden durch folgende Institutionen gef\u00f6rdert:<\/p>\n\n\n<figure class=\"wp-block-image size-large\"><a href=\"https:\/\/www.hbz-kfz.de\/wp-content\/uploads\/2024\/09\/Bild1-2.jpg\"><img loading=\"lazy\" decoding=\"async\" width=\"1000\" height=\"157\" src=\"https:\/\/www.hbz-kfz.de\/wp-content\/uploads\/2024\/09\/Bild1-2-1000x157.jpg\" alt=\"\" class=\"wp-image-1280\" srcset=\"https:\/\/www.hbz-kfz.de\/wp-content\/uploads\/2024\/09\/Bild1-2-1000x157.jpg 1000w, https:\/\/www.hbz-kfz.de\/wp-content\/uploads\/2024\/09\/Bild1-2-620x97.jpg 620w, https:\/\/www.hbz-kfz.de\/wp-content\/uploads\/2024\/09\/Bild1-2-768x120.jpg 768w, https:\/\/www.hbz-kfz.de\/wp-content\/uploads\/2024\/09\/Bild1-2.jpg 1386w\" sizes=\"auto, (max-width: 767px) 89vw, (max-width: 1000px) 54vw, (max-width: 1071px) 543px, 580px\" \/><\/a><\/figure>\n","protected":false},"excerpt":{"rendered":"<p>Ab dem zweiten Ausbildungsjahr (berufliche Fachbildung) sind f\u00fcr KFZ-Mechatroniker6 Wochen \u00dcBL-Lehrg\u00e4nge festgelegt: K1\/ 15: Diagnosetechnik 1 \u2013 Elektrische Fahrzeugsysteme (1 Woche) K2\/ 15: Diagnosetechnik 2 \u2013 Motormanagement (1 Woche) K3\/ 15: Diagnosetechnik 3 \u2013 Fahrwerk\/ Bremse (1 Woche) K4\/ 15: Diagnosetechnik 4 \u2013 Hochvolttechnik (1 Woche) K5\/ 15: Diagnosetechnik 5 \u2013 KFZ- Daten\u00fcbertragung (1 Woche) &hellip; <\/p>\n<p class=\"link-more\"><a href=\"https:\/\/www.hbz-kfz.de\/?page_id=48\" class=\"more-link\"><span class=\"screen-reader-text\">\u201e\u00dcBL-Lehrg\u00e4nge\u201c <\/span>weiterlesen<\/a><\/p>\n","protected":false},"author":1,"featured_media":0,"parent":0,"menu_order":0,"comment_status":"closed","ping_status":"closed","template":"","meta":{"footnotes":""},"class_list":["post-48","page","type-page","status-publish","hentry"],"jetpack_sharing_enabled":true,"_links":{"self":[{"href":"https:\/\/www.hbz-kfz.de\/index.php?rest_route=\/wp\/v2\/pages\/48","targetHints":{"allow":["GET"]}}],"collection":[{"href":"https:\/\/www.hbz-kfz.de\/index.php?rest_route=\/wp\/v2\/pages"}],"about":[{"href":"https:\/\/www.hbz-kfz.de\/index.php?rest_route=\/wp\/v2\/types\/page"}],"author":[{"embeddable":true,"href":"https:\/\/www.hbz-kfz.de\/index.php?rest_route=\/wp\/v2\/users\/1"}],"replies":[{"embeddable":true,"href":"https:\/\/www.hbz-kfz.de\/index.php?rest_route=%2Fwp%2Fv2%2Fcomments&post=48"}],"version-history":[{"count":6,"href":"https:\/\/www.hbz-kfz.de\/index.php?rest_route=\/wp\/v2\/pages\/48\/revisions"}],"predecessor-version":[{"id":1281,"href":"https:\/\/www.hbz-kfz.de\/index.php?rest_route=\/wp\/v2\/pages\/48\/revisions\/1281"}],"wp:attachment":[{"href":"https:\/\/www.hbz-kfz.de\/index.php?rest_route=%2Fwp%2Fv2%2Fmedia&parent=48"}],"curies":[{"name":"wp","href":"https:\/\/api.w.org\/{rel}","templated":true}]}}