{"id":902,"date":"2022-03-25T07:50:14","date_gmt":"2022-03-25T07:50:14","guid":{"rendered":"http:\/\/www.hbz-kfz.de\/?page_id=902"},"modified":"2024-06-21T09:13:59","modified_gmt":"2024-06-21T09:13:59","slug":"fachkundige-person-fuer-arbeiten-unter-spannung","status":"publish","type":"page","link":"https:\/\/www.hbz-kfz.de\/?page_id=902","title":{"rendered":"Fachkundige Person f\u00fcr Arbeiten unter Spannung"},"content":{"rendered":"\n<figure class=\"wp-block-gallery has-nested-images columns-default is-cropped wp-block-gallery-1 is-layout-flex wp-block-gallery-is-layout-flex\">\n<figure class=\"wp-block-image size-large\"><a href=\"https:\/\/www.hbz-kfz.de\/wp-content\/uploads\/2022\/04\/IMG_9274.jpeg\"><img loading=\"lazy\" decoding=\"async\" width=\"2048\" height=\"1536\" data-id=\"937\" src=\"http:\/\/www.hbz-kfz.de\/wp-content\/uploads\/2022\/04\/IMG_9274.jpeg\" alt=\"\" class=\"wp-image-937\" srcset=\"https:\/\/www.hbz-kfz.de\/wp-content\/uploads\/2022\/04\/IMG_9274.jpeg 2048w, https:\/\/www.hbz-kfz.de\/wp-content\/uploads\/2022\/04\/IMG_9274-620x465.jpeg 620w, https:\/\/www.hbz-kfz.de\/wp-content\/uploads\/2022\/04\/IMG_9274-768x576.jpeg 768w, https:\/\/www.hbz-kfz.de\/wp-content\/uploads\/2022\/04\/IMG_9274-1000x750.jpeg 1000w\" sizes=\"auto, (max-width: 767px) 89vw, (max-width: 1000px) 54vw, (max-width: 1071px) 543px, 580px\" \/><\/a><\/figure>\n\n\n\n<figure class=\"wp-block-image size-large\"><a href=\"https:\/\/www.hbz-kfz.de\/wp-content\/uploads\/2022\/04\/IMG_9276.jpeg\"><img loading=\"lazy\" decoding=\"async\" width=\"4032\" height=\"3024\" data-id=\"939\" src=\"http:\/\/www.hbz-kfz.de\/wp-content\/uploads\/2022\/04\/IMG_9276.jpeg\" alt=\"\" class=\"wp-image-939\" srcset=\"https:\/\/www.hbz-kfz.de\/wp-content\/uploads\/2022\/04\/IMG_9276.jpeg 4032w, https:\/\/www.hbz-kfz.de\/wp-content\/uploads\/2022\/04\/IMG_9276-620x465.jpeg 620w, https:\/\/www.hbz-kfz.de\/wp-content\/uploads\/2022\/04\/IMG_9276-768x576.jpeg 768w, https:\/\/www.hbz-kfz.de\/wp-content\/uploads\/2022\/04\/IMG_9276-1000x750.jpeg 1000w\" sizes=\"auto, (max-width: 767px) 89vw, (max-width: 1000px) 54vw, (max-width: 1071px) 543px, 580px\" \/><\/a><\/figure>\n\n\n\n<figure class=\"wp-block-image size-large\"><a href=\"https:\/\/www.hbz-kfz.de\/wp-content\/uploads\/2022\/04\/IMG_9257.jpeg\"><img loading=\"lazy\" decoding=\"async\" width=\"2048\" height=\"1536\" data-id=\"928\" src=\"http:\/\/www.hbz-kfz.de\/wp-content\/uploads\/2022\/04\/IMG_9257.jpeg\" alt=\"\" class=\"wp-image-928\" srcset=\"https:\/\/www.hbz-kfz.de\/wp-content\/uploads\/2022\/04\/IMG_9257.jpeg 2048w, https:\/\/www.hbz-kfz.de\/wp-content\/uploads\/2022\/04\/IMG_9257-620x465.jpeg 620w, https:\/\/www.hbz-kfz.de\/wp-content\/uploads\/2022\/04\/IMG_9257-768x576.jpeg 768w, https:\/\/www.hbz-kfz.de\/wp-content\/uploads\/2022\/04\/IMG_9257-1000x750.jpeg 1000w\" sizes=\"auto, (max-width: 767px) 89vw, (max-width: 1000px) 54vw, (max-width: 1071px) 543px, 580px\" \/><\/a><\/figure>\n<figcaption class=\"blocks-gallery-caption wp-element-caption\">Praxisausbildung 3S<\/figcaption><\/figure>\n\n\n\n<p><\/p>\n\n\n<p><a href=\"http:\/\/www.hbz-kfz.de\/wp-content\/uploads\/2022\/04\/IMG_9281.jpeg\"><img loading=\"lazy\" decoding=\"async\" class=\"alignleft  wp-image-941\" src=\"http:\/\/www.hbz-kfz.de\/wp-content\/uploads\/2022\/04\/IMG_9281-620x465.jpeg\" alt=\"\" width=\"329\" height=\"247\" srcset=\"https:\/\/www.hbz-kfz.de\/wp-content\/uploads\/2022\/04\/IMG_9281-620x465.jpeg 620w, https:\/\/www.hbz-kfz.de\/wp-content\/uploads\/2022\/04\/IMG_9281-768x576.jpeg 768w, https:\/\/www.hbz-kfz.de\/wp-content\/uploads\/2022\/04\/IMG_9281-1000x750.jpeg 1000w, https:\/\/www.hbz-kfz.de\/wp-content\/uploads\/2022\/04\/IMG_9281.jpeg 2048w\" sizes=\"auto, (max-width: 329px) 100vw, 329px\" \/><\/a><\/p>\n<p>Mit der Qualifikation Stufe 3S f\u00fcr Arbeiten an unter Spannung stehenden HV-Systemen kann die Fehlersuche an unter Spannung stehenden HV-Komponenten durchgef\u00fchrt werden, wenn das Fahrzeug nicht spannungsfrei geschaltet oder die Spannungsfreiheit nicht festgestellt werden kann. Dasselbe gilt f\u00fcr Arbeiten an unter Spannung stehenden Energiespeichern und bei Arbeiten mit entsprechendem Gef\u00e4hrdungspotential, z. B. f\u00fcr die Hochspannungspr\u00fcfung nach Herstellervorgaben. Jede Arbeit, bei der Besch\u00e4ftigte mit K\u00f6rperteilen oder Gegenst\u00e4nden (Werkzeuge, Ger\u00e4te, Ausr\u00fcstungen oder Vorrichtungen) HV-Komponenten oder Teile ber\u00fchren k\u00f6nnen, gilt dann als Arbeiten an unter Spannung stehenden HV-Systemen, wenn der spannungsfreie Zustand nicht sichergestellt ist und eine elektrische Gef\u00e4hrdung nicht ausgeschlossen werden kann.<\/p>\n<p><b>Qualifizierungsinhalte der Stufe 3S:<\/b><\/p>\n<ul>\n<li>Sichere Arbeitsverfahren f\u00fcr Arbeiten an unter Spannung stehenden HV-Systemen<\/li>\n<li>Arten, Aufbau, spezifische Eigenschaften und Gef\u00e4hrdungspotenzial von HV-Energiespeichern<\/li>\n<li>Arbeiten an unter Spannung stehenden HV-Komponenten<\/li>\n<\/ul>\n<p><b>Voraussetzungen zur Teilnahme der Qualifizierungsstufe 3S:<\/b><\/p>\n<ul>\n<li>mindestens eine Qualifikation nach der Stufe 2S<\/li>\n<li>mindestens 18 Jahre alt ist<\/li>\n<li>eine erfolgreich abgeschlossene Erste-Hilfe-Ausbildung einschlie\u00dflich Herz-Lungen-Wiederbelebung (9 Unterrichtseinheiten nach DGUV Information 204-022 \u201eErste Hilfe im Betrieb\u201c) hat und gesundheitlich geeignet ist. Das kann beispielsweise durch eine Eignungs-untersuchung nach DGUV Grundsatz f\u00fcr arbeitsmedizinische Untersuchungen G 25 \u201eFahr-, Steuer- und \u00dcberwachungst\u00e4tigkeiten\u201c sichergestellt werden.<\/li>\n<\/ul>\n<p><b>Hochvolt Fachkundigen-Aufbauseminar (3 Tage)<br \/><\/b><\/p>\n<p><span class=\"big-text\">Bitte kontaktieren Sie dazu <\/span>\u00a0per E-Mail Frau Hubrich <a href=\"mailto:hubrich@kh-gt-bi.de\">hubrich@kh-gt-bi.de<\/a><\/p>\n\n\n<div class=\"wp-block-group\"><div class=\"wp-block-group__inner-container is-layout-constrained wp-block-group-is-layout-constrained\">\n<p><\/p>\n<\/div><\/div>\n\n\n\n<div class=\"wp-block-group is-nowrap is-layout-flex wp-container-core-group-is-layout-ad2f72ca wp-block-group-is-layout-flex\">\n<div class=\"wp-block-columns is-layout-flex wp-container-core-columns-is-layout-9d6595d7 wp-block-columns-is-layout-flex\">\n<div class=\"wp-block-column is-layout-flow wp-block-column-is-layout-flow\" style=\"flex-basis:100%\">\n<div class=\"wp-block-buttons is-content-justification-center is-layout-flex wp-container-core-buttons-is-layout-16018d1d wp-block-buttons-is-layout-flex\">\n<div class=\"wp-block-button has-custom-width wp-block-button__width-100\"><a class=\"wp-block-button__link wp-element-button\" href=\"https:\/\/www.kfz-bi-gt.de\/ausbildung-karriere\/seminare-buchen#\/\">Schulung buchen<\/a><\/div>\n<\/div>\n<\/div>\n<\/div>\n<\/div>\n","protected":false},"excerpt":{"rendered":"<p>Mit der Qualifikation Stufe 3S f\u00fcr Arbeiten an unter Spannung stehenden HV-Systemen kann die Fehlersuche an unter Spannung stehenden HV-Komponenten durchgef\u00fchrt werden, wenn das Fahrzeug nicht spannungsfrei geschaltet oder die Spannungsfreiheit nicht festgestellt werden kann. Dasselbe gilt f\u00fcr Arbeiten an unter Spannung stehenden Energiespeichern und bei Arbeiten mit entsprechendem Gef\u00e4hrdungspotential, z. B. f\u00fcr die Hochspannungspr\u00fcfung &hellip; <\/p>\n<p class=\"link-more\"><a href=\"https:\/\/www.hbz-kfz.de\/?page_id=902\" class=\"more-link\"><span class=\"screen-reader-text\">\u201eFachkundige Person f\u00fcr Arbeiten unter Spannung\u201c <\/span>weiterlesen<\/a><\/p>\n","protected":false},"author":3,"featured_media":0,"parent":0,"menu_order":0,"comment_status":"closed","ping_status":"closed","template":"","meta":{"footnotes":""},"class_list":["post-902","page","type-page","status-publish","hentry"],"jetpack_sharing_enabled":true,"_links":{"self":[{"href":"https:\/\/www.hbz-kfz.de\/index.php?rest_route=\/wp\/v2\/pages\/902","targetHints":{"allow":["GET"]}}],"collection":[{"href":"https:\/\/www.hbz-kfz.de\/index.php?rest_route=\/wp\/v2\/pages"}],"about":[{"href":"https:\/\/www.hbz-kfz.de\/index.php?rest_route=\/wp\/v2\/types\/page"}],"author":[{"embeddable":true,"href":"https:\/\/www.hbz-kfz.de\/index.php?rest_route=\/wp\/v2\/users\/3"}],"replies":[{"embeddable":true,"href":"https:\/\/www.hbz-kfz.de\/index.php?rest_route=%2Fwp%2Fv2%2Fcomments&post=902"}],"version-history":[{"count":24,"href":"https:\/\/www.hbz-kfz.de\/index.php?rest_route=\/wp\/v2\/pages\/902\/revisions"}],"predecessor-version":[{"id":1245,"href":"https:\/\/www.hbz-kfz.de\/index.php?rest_route=\/wp\/v2\/pages\/902\/revisions\/1245"}],"wp:attachment":[{"href":"https:\/\/www.hbz-kfz.de\/index.php?rest_route=%2Fwp%2Fv2%2Fmedia&parent=902"}],"curies":[{"name":"wp","href":"https:\/\/api.w.org\/{rel}","templated":true}]}}